{"id":39,"date":"2020-06-30T22:35:00","date_gmt":"2020-06-30T20:35:00","guid":{"rendered":"http:\/\/wordpress2037306.home.pl\/autoinstalator\/wordpressplus\/?page_id=39"},"modified":"2021-09-20T13:30:05","modified_gmt":"2021-09-20T11:30:05","slug":"kadra","status":"publish","type":"page","link":"http:\/\/sds.grajewo.pl\/?page_id=39","title":{"rendered":"Pracownicy"},"content":{"rendered":"<p><strong>Kadra \u015arodowiskowego Domu Samopomocy w Grajewie &#8222;Pomocna D\u0142o\u0144&#8221;:<\/strong><\/p>\n<ol>\n<li><strong><em>Kierownik <\/em><\/strong>\u2013 Ewelina Odolecka<\/li>\n<li><strong><em>G\u0142\u00f3wny ksi\u0119gowy<\/em><\/strong> \u2013 Ma\u0142gorzata Gadomska<\/li>\n<li><strong><em>Piel\u0119gniarka<\/em><\/strong> \u2013 Dorota Wr\u00f3blewska<\/li>\n<li><strong><em>Psycholog<\/em><\/strong> \u2013 Katarzyna Wr\u00f3blewska<\/li>\n<li><strong><em>Pedagog\/instruktor terapii zaj\u0119ciowej &#8211; muzyk<\/em><\/strong> \u00a0\u2013 Agnieszka \u017bmijewska<\/li>\n<li><strong><em>Instruktor terapii zaj\u0119ciowej <\/em><\/strong>\u2013 Krzysztof Mi\u0142osek<\/li>\n<li><strong><em>Instruktor terapii zaj\u0119ciowej<\/em> &#8211; rehabilitant<\/strong> \u2013 Ewa Surabko<\/li>\n<li><strong><em>Instruktor terapii zaj\u0119ciowej<\/em> \u2013 plastyk<\/strong> \u2013 Paulina Szczerbiak<\/li>\n<li><strong><em>Pomoc administracyjna<\/em><\/strong> \u2013 Marta Staniszewska<\/li>\n<li><em><b>Pracownik socjalny\/ instruktor ds. kulturalno &#8211; o\u015bwiatowych<\/b><\/em> &#8211; Monika Surawska<\/li>\n<\/ol>\n","protected":false},"excerpt":{"rendered":"<p>Kadra \u015arodowiskowego Domu Samopomocy w Grajewie &#8222;Pomocna D\u0142o\u0144&#8221;: Kierownik \u2013 Ewelina Odolecka G\u0142\u00f3wny ksi\u0119gowy \u2013 Ma\u0142gorzata Gadomska Piel\u0119gniarka \u2013 Dorota&hellip;<\/p>\n","protected":false},"author":1,"featured_media":0,"parent":0,"menu_order":2,"comment_status":"closed","ping_status":"closed","template":"","meta":{"footnotes":""},"class_list":["post-39","page","type-page","status-publish","hentry"],"_links":{"self":[{"href":"http:\/\/sds.grajewo.pl\/index.php?rest_route=\/wp\/v2\/pages\/39","targetHints":{"allow":["GET"]}}],"collection":[{"href":"http:\/\/sds.grajewo.pl\/index.php?rest_route=\/wp\/v2\/pages"}],"about":[{"href":"http:\/\/sds.grajewo.pl\/index.php?rest_route=\/wp\/v2\/types\/page"}],"author":[{"embeddable":true,"href":"http:\/\/sds.grajewo.pl\/index.php?rest_route=\/wp\/v2\/users\/1"}],"replies":[{"embeddable":true,"href":"http:\/\/sds.grajewo.pl\/index.php?rest_route=%2Fwp%2Fv2%2Fcomments&post=39"}],"version-history":[{"count":8,"href":"http:\/\/sds.grajewo.pl\/index.php?rest_route=\/wp\/v2\/pages\/39\/revisions"}],"predecessor-version":[{"id":596,"href":"http:\/\/sds.grajewo.pl\/index.php?rest_route=\/wp\/v2\/pages\/39\/revisions\/596"}],"wp:attachment":[{"href":"http:\/\/sds.grajewo.pl\/index.php?rest_route=%2Fwp%2Fv2%2Fmedia&parent=39"}],"curies":[{"name":"wp","href":"https:\/\/api.w.org\/{rel}","templated":true}]}}