{"id":25,"date":"2020-06-30T22:12:46","date_gmt":"2020-06-30T20:12:46","guid":{"rendered":"http:\/\/wordpress2037306.home.pl\/autoinstalator\/wordpressplus\/?page_id=25"},"modified":"2023-12-06T07:31:44","modified_gmt":"2023-12-06T06:31:44","slug":"kontakt","status":"publish","type":"page","link":"http:\/\/sds.grajewo.pl\/?page_id=25","title":{"rendered":"Kontakt"},"content":{"rendered":"\r\n<div class=\"wp-block-group\">\r\n<div class=\"wp-block-group__inner-container is-layout-flow wp-block-group-is-layout-flow\">\r\n<p>O\u015brodek dzia\u0142a 5 dni w tygodniu (pn-pt) od godz 7:00 do 15:00.<\/p>\r\n<p><strong>Adres:<\/strong> ul. Konstytucji 3 Maja 2b, 19-200 Grajewo<\/p>\r\n<p><strong>Adres e-mail:<\/strong>\u00a0 sds@sds.grajewo.pl<\/p>\r\n<p><strong>Telefony:<\/strong><\/p>\r\n<p style=\"text-align: left;\"><strong><em>Ksi\u0119gowo\u015b\u0107<\/em><\/strong> \u2013 86\u00a0211 90 21<\/p>\r\n<p><em><strong>Kierownik<\/strong><\/em> \u2013 86\u00a0211 90 22<\/p>\r\n<p><strong><em>Pok\u00f3j socjalny<\/em> <\/strong>\u2013 86\u00a0211 90 23<\/p>\r\n<p><strong><em>Fax<\/em><\/strong> \u2013 86 211 90 24<\/p>\r\n<br \/>\r\n<div id=\"wpgmza_map\" class=\"wpgmza_map\" data-settings='{\"id\":\"1\",\"map_title\":\"Tu jeste\\u015bmy\",\"map_width\":\"100\",\"map_height\":\"400\",\"map_start_lat\":\"53.642701\",\"map_start_lng\":\"22.461504\",\"map_start_location\":\"53.64270116022175,22.461503838814682\",\"map_start_zoom\":\"15\",\"default_marker\":\"0\",\"type\":\"1\",\"alignment\":\"4\",\"directions_enabled\":\"1\",\"styling_enabled\":\"0\",\"styling_json\":\"\",\"active\":\"0\",\"kml\":\"\",\"bicycle\":\"0\",\"traffic\":\"0\",\"dbox\":\"1\",\"dbox_width\":\"100\",\"listmarkers\":\"0\",\"listmarkers_advanced\":\"0\",\"filterbycat\":\"0\",\"ugm_enabled\":\"0\",\"ugm_category_enabled\":\"0\",\"fusion\":\"\",\"map_width_type\":\"\\\\%\",\"map_height_type\":\"px\",\"mass_marker_support\":\"1\",\"ugm_access\":\"0\",\"order_markers_by\":\"1\",\"order_markers_choice\":\"2\",\"show_user_location\":\"0\",\"default_to\":\"\",\"other_settings\":{\"store_locator_enabled\":2,\"store_locator_distance\":2,\"store_locator_default_radius\":10,\"store_locator_not_found_message\":\"No results found in this location. Please try again.\",\"store_locator_bounce\":1,\"store_locator_query_string\":\"ZIP \\\/ Address:\",\"store_locator_default_address\":\"\",\"wpgmza_store_locator_restrict\":\"\",\"wpgmza_store_locator_radius_style\":\"modern\",\"map_max_zoom\":\"1\",\"transport_layer\":0,\"wpgmza_theme_data\":\"\",\"wpgmza_show_points_of_interest\":0,\"wpgmza_auto_night\":0}}' data-map-id='1' Data-maps-engine='open-layers' data-shortcode-attributes='{\"id\":\"1\"}' style=\"display:block; overflow:auto; width:100%; height:400px; float:left;\"><\/div>\r\n<\/div>\r\n<\/div>\r\n","protected":false},"excerpt":{"rendered":"<p>O\u015brodek dzia\u0142a 5 dni w tygodniu (pn-pt) od godz 7:00 do 15:00. Adres: ul. Konstytucji 3 Maja 2b, 19-200 Grajewo&hellip;<\/p>\n","protected":false},"author":1,"featured_media":0,"parent":0,"menu_order":5,"comment_status":"closed","ping_status":"closed","template":"","meta":{"footnotes":""},"class_list":["post-25","page","type-page","status-publish","hentry"],"_links":{"self":[{"href":"http:\/\/sds.grajewo.pl\/index.php?rest_route=\/wp\/v2\/pages\/25","targetHints":{"allow":["GET"]}}],"collection":[{"href":"http:\/\/sds.grajewo.pl\/index.php?rest_route=\/wp\/v2\/pages"}],"about":[{"href":"http:\/\/sds.grajewo.pl\/index.php?rest_route=\/wp\/v2\/types\/page"}],"author":[{"embeddable":true,"href":"http:\/\/sds.grajewo.pl\/index.php?rest_route=\/wp\/v2\/users\/1"}],"replies":[{"embeddable":true,"href":"http:\/\/sds.grajewo.pl\/index.php?rest_route=%2Fwp%2Fv2%2Fcomments&post=25"}],"version-history":[{"count":13,"href":"http:\/\/sds.grajewo.pl\/index.php?rest_route=\/wp\/v2\/pages\/25\/revisions"}],"predecessor-version":[{"id":2247,"href":"http:\/\/sds.grajewo.pl\/index.php?rest_route=\/wp\/v2\/pages\/25\/revisions\/2247"}],"wp:attachment":[{"href":"http:\/\/sds.grajewo.pl\/index.php?rest_route=%2Fwp%2Fv2%2Fmedia&parent=25"}],"curies":[{"name":"wp","href":"https:\/\/api.w.org\/{rel}","templated":true}]}}