{"id":20,"date":"2020-06-30T22:09:33","date_gmt":"2020-06-30T20:09:33","guid":{"rendered":"http:\/\/wordpress2037306.home.pl\/autoinstalator\/wordpressplus\/?page_id=20"},"modified":"2020-07-08T19:16:47","modified_gmt":"2020-07-08T17:16:47","slug":"o-nas","status":"publish","type":"page","link":"http:\/\/sds.grajewo.pl\/?page_id=20","title":{"rendered":"O Instytucji"},"content":{"rendered":"<p style=\"text-align: justify;\">\u00a0\u00a0\u00a0\u00a0\u00a0\u00a0 \u00a0\u00a0 \u015arodowiskowy Dom Samopomocy w Grajewie \u201ePomocna d\u0142o\u0144\u201d funkcjonuje w oparciu o akty prawne: Rozporz\u0105dzenie Ministra Pracy i Polityki Spo\u0142ecznej z dnia\u00a0 9 grudnia 2010 r. w sprawie \u015brodowiskowych dom\u00f3w samopomocy, Ustawa o pomocy spo\u0142ecznej z dnia 12 marca 2004 r., Ustawa o ochronie zdrowia psychicznego z dnia 19 sierpnia 1994 r.<\/p>\n<p style=\"text-align: justify;\">\u00a0\u00a0\u00a0\u00a0\u00a0\u00a0\u00a0\u00a0\u00a0\u00a0\u00a0\u00a0 \u015aDS w Grajewie przeznaczony jest dla os\u00f3b doros\u0142ych. Z dniem 1 pa\u017adziernika 2019 r. zosta\u0142y rozszerzone typy domu (na podstawie Rozporz\u0105dzenia Ministra Pracy i Polityki Spo\u0142ecznej z dnia 9 grudnia 2010 r. w sprawie \u015brodowiskowych dom\u00f3w samopomocy). Do 30 wrze\u015bnia o\u015brodek \u015bwiadczy\u0142 us\u0142ugi terapeutyczne tylko dla typu A, czyli dla os\u00f3b przewlekle psychicznie chorych, a teraz oferta dotyczy\u00a0 r\u00f3wnie\u017c os\u00f3b niepe\u0142nosprawnych intelektualnie (typ B) oraz os\u00f3b wykazuj\u0105cych inne przewlek\u0142e zaburzenia czynno\u015bci psychiczne (typ C). Jest to wi\u0119ksz\u0105 szans\u0105,\u00a0 mo\u017cliwo\u015bci\u0105 korzystania z terapii dla szerszej grupy chorych os\u00f3b potrzebuj\u0105cych wsparcia w \u017cyciu codziennym.<\/p>\n<p style=\"text-align: justify;\">\u00a0\u00a0\u00a0\u00a0\u00a0\u00a0\u00a0\u00a0\u00a0\u00a0\u00a0 G\u0142\u00f3wnym celem i za\u0142o\u017ceniem o\u015brodka jest podtrzymywanie i rozwijanie u os\u00f3b przewlekle psychicznie chorych, niepe\u0142nosprawnych intelektualnie oraz wykazuj\u0105cych inne przewlek\u0142e\u00a0 zaburzenia czynno\u015bci psychicznych umiej\u0119tno\u015bci niezb\u0119dnych do samodzielnego \u017cycia\u00a0 funkcjonowania w spo\u0142eczno\u015bci lokalnej. W takim przypadku bardzo wa\u017cna jest codzienna terapia, treningi, wsparcie psychologiczne. Trzeba pami\u0119ta\u0107, \u017ce osoby te codziennie zderzaj\u0105 si\u0119 z trudno\u015bciami wynikaj\u0105cymi z ich chor\u00f3b. Tak wi\u0119c, aby pom\u00f3c naszym podopiecznym zminimalizowa\u0107 napotykane trudno\u015bci \u017cycia codziennego, wykwalifikowana kadra \u015aDS w Grajewie codziennie dok\u0142ada wszelkich stara\u0144 poprzez takie treningi jak:<\/p>\n<p style=\"text-align: justify;\"><strong>&#8211; trening funkcjonowania w \u017cyciu codziennym:<\/strong><\/p>\n<ul style=\"text-align: justify;\">\n<li>dba\u0142o\u015b\u0107 o wygl\u0105d zewn\u0119trzny, nauka higieny \u2013 zaj\u0119cia, treningi prowadzone przez piel\u0119gniark\u0119 zatrudnion\u0105 w \u015aDS<\/li>\n<li>trening kulinarny \u2013 codzienne przygotowywanie ciep\u0142ego posi\u0142ku pod nadzorem kucharza terapeuty<\/li>\n<li>umiej\u0119tno\u015bci praktyczne \u2013 trening dotyczy m.in. tworzenia przez uczestnik\u00f3w r\u0119kodzie\u0142a tj. wyszywania, dziania, szycia na maszynie, szyde\u0142kowania.<\/li>\n<li>gospodarowanie w\u0142asnymi \u015brodkami finansowymi \u2013 trening bud\u017cetowy \u2013 zaj\u0119cia cykliczne, maj\u0105 na celu pom\u00f3c domownikowi w organizowaniu, planowaniu i oszcz\u0119dnym wydawaniu w\u0142asnych \u015brodk\u00f3w finansowych.<\/li>\n<\/ul>\n<p style=\"text-align: justify;\"><strong>&#8211; trening umiej\u0119tno\u015bci interpersonalnych i rozwi\u0105zywania problem\u00f3w \u2013<\/strong> zaj\u0119cia\u00a0 cykliczne prowadzone przez pedagoga zatrudnionego w \u015aDS. Maj\u0105 na celu pomaga\u0107 choremu w trudnym dla niego okresie powrotu do aktywnego \u017cycia w spo\u0142ecze\u0144stwie oraz wspiera\u0107\u00a0 go w kolejnych kryzysach interpersonalnych i emocjonalnych.<\/p>\n<p style=\"text-align: justify;\"><strong>&#8211; trening umiej\u0119tno\u015bci sp\u0119dzania wolnego czasu \u2013<\/strong> zaj\u0119cia integruj\u0105ce spo\u0142eczno\u015b\u0107 \u015aDS, czyli udzia\u0142 w zabawach i imprezach wewn\u0119trznych, wsp\u00f3lne grillowanie, wycieczki turystyczne i plenerowe, wsp\u00f3lne wyj\u015bcia do instytucji o charakterze kulturalnym znajduj\u0105cym si\u0119 na terenie miasta Grajewo, wyjazdy integracyjne do innych o\u015brodk\u00f3w, uczestnictwo w przegl\u0105dach itp.<\/p>\n<p style=\"text-align: justify;\"><strong>&#8211; terapia plastyczna \u2013<\/strong> zaj\u0119cia prowadzone przez instruktora zaj\u0119ciowego \u2013 plastyka. Maj\u0105 na celu rozw\u00f3j kreatywno\u015bci, ukazywanie i uwra\u017cliwianie na r\u00f3\u017cne techniki malarskie, a tak\u017ce wyra\u017canie uczu\u0107 i emocji w swoich pracach.<\/p>\n<p style=\"text-align: justify;\"><strong>&#8211; muzykoterapia grupowa i indywidualne \u2013<\/strong> zaj\u0119cia prowadzone przez instruktora zaj\u0119ciowego muzyka. S\u0142u\u017c\u0105 odreagowaniu nerwicowych napi\u0119\u0107 i wy\u0142adowaniu niezaspokojonych uczu\u0107, uzyskiwanie wyciszenia i wewn\u0119trznego spokoju, mi\u0142e sp\u0119dzanie czasu poprzez wsp\u00f3lny \u015bpiew i s\u0142uchanie muzyki.<\/p>\n<p style=\"text-align: justify;\"><strong>&#8211; terapia ruchowa \u2013<\/strong> treningi prowadzone pod czujnym okiem instruktora zaj\u0119ciowego, maj\u0105cych na celu nabycie i doskonalenie sprawno\u015bci ruchowej w ramach \u0107wicze\u0144 koordynacyjnych, og\u00f3lnokondycyjnych, manualnych, oddechowych i r\u00f3wnowa\u017cnych.<\/p>\n<p style=\"text-align: justify;\"><strong>&#8211; terapia komputerowa \u2013<\/strong> zaj\u0119cia prowadzone przez pedagoga. Uczestnicy nabywaj\u0105 i doskonal\u0105 umiej\u0119tno\u015bci z zakresu podstaw obs\u0142ugi komputera, edytora tekstu oraz bezpiecznego poruszania si\u0119 w internecie.<\/p>\n<p style=\"text-align: justify;\"><strong>&#8211; poradnictwo piel\u0119gniarskie \u2013<\/strong> treningi, szkolenia i zaj\u0119cia prowadzi piel\u0119gniarka. Maj\u0105 one na celu nauczy\u0107 i doskonali\u0107\u00a0 podstawowe zasady higieny. Zach\u0119ca\u0107 do dba\u0142o\u015bci o wygl\u0105d zewn\u0119trzny. Poza tym domownicy maj\u0105 systematycznie wykonywany pomiar ci\u015bnienia krwi, kontroli wagi cia\u0142a, pomiar cukru.<\/p>\n<p style=\"text-align: justify;\"><strong>&#8211; poradnictwo psychologiczne \u2013<\/strong> prowadzone s\u0105 zaj\u0119cia grupowe z psychologiem, psychoedukacja oraz indywidualne rozmowy.<\/p>\n<p style=\"text-align: justify;\"><strong>&#8211; wsp\u00f3\u0142praca z rodzin\u0105\/opiekunem \u2013<\/strong> utrzymywanie sta\u0142ego kontaktu bezpo\u015bredniego lub telefonicznego z rodzin\u0105 b\u0105d\u017a opiekunem podopiecznych.<\/p>\n<p style=\"text-align: justify;\"><strong>&#8211; pomoc w za\u0142atwianiu spraw urz\u0119dowych \u2013<\/strong> ka\u017cdy uczestnik ma mo\u017cliwo\u015b\u0107 uzyskania pomocy w uzupe\u0142nieniu dokument\u00f3w urz\u0119dowych, pokierowaniu do odpowiedniej instytucji.<\/p>\n<p style=\"text-align: justify;\"><strong>&#8211; pomoc w dost\u0119pie do niezb\u0119dnych \u015bwiadcze\u0144 zdrowotnych \u2013<\/strong> ka\u017cdy uczestnik otrzyma pomoc w um\u00f3wieniu wizyty do poradni specjalistycznych, rodzinnych, pomoc w wykupieniu recept.<\/p>\n<p style=\"text-align: justify;\">\u00a0\u00a0\u00a0\u00a0\u00a0\u00a0\u00a0\u00a0\u00a0\u00a0 Ka\u017cdy uczestnik zapewniony ma ciep\u0142y posi\u0142ek, kt\u00f3ry\u00a0 przygotowywany jest w ramach terapii kulinarnej pod nadzorem kucharza terapeuty. Poza tym w miar\u0119 potrzeb domownicy mog\u0105 korzysta\u0107 z pralki, suszarki i \u017celazka na w\u0142asne potrzeby.<\/p>\n<p style=\"text-align: justify;\">\u00a0\u00a0\u00a0\u00a0\u00a0\u00a0\u00a0\u00a0\u00a0\u00a0\u00a0 \u015arodowiskowy Dom Samopomocy w Grajewie \u201ePomocna d\u0142o\u0144\u201d prowadzi <em>zaj\u0119cia klubowe<\/em> dla os\u00f3b oczekuj\u0105cych na przyj\u0119cie do \u015aDS oraz dla by\u0142ych domownik\u00f3w.<\/p>\n<p style=\"text-align: justify;\">\u00a0\u00a0\u00a0\u00a0\u00a0\u00a0\u00a0\u00a0\u00a0\u00a0 Wniosek o skierowanie do \u015aDS sk\u0142ada si\u0119 w Miejskim O\u015brodku Pomocy Spo\u0142ecznej w Grajewie po wcze\u015bniejszym uzgodnieniu z kierownikiem \u015aDS terminu przyj\u0119cia, do\u0142\u0105czaj\u0105c za\u015bwiadczenie lekarskie, wydane przez lekarza psychiatr\u0119 lub lekarza neurologa o wyst\u0119puj\u0105cych zaburzeniach psychicznych oraz za\u015bwiadczenie od lekarza rodzinnego o stanie zdrowia i o braku przeciwwskaza\u0144 do uczestnictwa w zaj\u0119ciach \u015aDS, a tak\u017ce orzeczenie o niepe\u0142nosprawno\u015bci lub orzeczenie o stopniu niepe\u0142nosprawno\u015bci, o ile wnioskodawca takie posiada.<\/p>\n<p style=\"text-align: justify;\">\u00a0\u00a0\u00a0\u00a0\u00a0\u00a0\u00a0\u00a0\u00a0\u00a0\u00a0 Decyzj\u0119 o skierowaniu do \u015aDS dla os\u00f3b, kt\u00f3re pierwszy raz wyst\u0105pi\u0142y o skierowanie do takiej plac\u00f3wki, wydaje si\u0119 na czas okre\u015blony, nie d\u0142u\u017cszy ni\u017c 3 miesi\u0105ce. Jest to konieczne do dokonania przez zesp\u00f3\u0142 wspieraj\u0105co \u2013 aktywizuj\u0105cy oceny mo\u017cliwo\u015bci zaproponowania osobie indywidualnego planu post\u0119powania wspieraj\u0105co \u2013 aktywizuj\u0105cego oraz okresu, jaki b\u0119dzie niezb\u0119dny do jego realizacji.<\/p>\n","protected":false},"excerpt":{"rendered":"<p>\u00a0\u00a0\u00a0\u00a0\u00a0\u00a0 \u00a0\u00a0 \u015arodowiskowy Dom Samopomocy w Grajewie \u201ePomocna d\u0142o\u0144\u201d funkcjonuje w oparciu o akty prawne: Rozporz\u0105dzenie Ministra Pracy i Polityki&hellip;<\/p>\n","protected":false},"author":1,"featured_media":0,"parent":0,"menu_order":1,"comment_status":"closed","ping_status":"closed","template":"","meta":{"footnotes":""},"class_list":["post-20","page","type-page","status-publish","hentry"],"_links":{"self":[{"href":"http:\/\/sds.grajewo.pl\/index.php?rest_route=\/wp\/v2\/pages\/20","targetHints":{"allow":["GET"]}}],"collection":[{"href":"http:\/\/sds.grajewo.pl\/index.php?rest_route=\/wp\/v2\/pages"}],"about":[{"href":"http:\/\/sds.grajewo.pl\/index.php?rest_route=\/wp\/v2\/types\/page"}],"author":[{"embeddable":true,"href":"http:\/\/sds.grajewo.pl\/index.php?rest_route=\/wp\/v2\/users\/1"}],"replies":[{"embeddable":true,"href":"http:\/\/sds.grajewo.pl\/index.php?rest_route=%2Fwp%2Fv2%2Fcomments&post=20"}],"version-history":[{"count":32,"href":"http:\/\/sds.grajewo.pl\/index.php?rest_route=\/wp\/v2\/pages\/20\/revisions"}],"predecessor-version":[{"id":229,"href":"http:\/\/sds.grajewo.pl\/index.php?rest_route=\/wp\/v2\/pages\/20\/revisions\/229"}],"wp:attachment":[{"href":"http:\/\/sds.grajewo.pl\/index.php?rest_route=%2Fwp%2Fv2%2Fmedia&parent=20"}],"curies":[{"name":"wp","href":"https:\/\/api.w.org\/{rel}","templated":true}]}}